{"id":1249,"date":"2020-03-27T15:57:40","date_gmt":"2020-03-27T18:57:40","guid":{"rendered":"http:\/\/localhost\/kingo\/produto\/kit-carregador-veicular-dual-usb-2-4a-c204\/"},"modified":"2020-03-27T15:57:46","modified_gmt":"2020-03-27T18:57:46","slug":"kit-carregador-veicular-dual-usb-2-4a-c204","status":"publish","type":"product","link":"https:\/\/host86.com.br\/clientes20\/kingo\/produto\/kit-carregador-veicular-dual-usb-2-4a-c204\/","title":{"rendered":"Kit Carregador Veicular Dual USB 2.4A (C204)"},"content":{"rendered":"<p>Caracter\u00edsticas: Kit Veicular com 2 sa\u00eddas USB; Acompanha cabo de 1 metro; Entrada DC 12-24V\/1500mA; Para sa\u00edda \u00fanica: 5V at\u00e9 2400mA; Para sa\u00edda dup\u00b4la: 5V= 2x1200mA.<\/p>\n","protected":false},"excerpt":{"rendered":"<p>Caracter\u00edsticas: Kit Veicular com 2 sa\u00eddas USB; Acompanha cabo de 1 metro; Entrada DC 12-24V\/1500mA;&#8230;<\/p>\n","protected":false},"featured_media":0,"comment_status":"closed","ping_status":"open","template":"","meta":{"_acf_changed":false},"class_list":["post-1249","product","type-product","status-publish","hentry","product_cat-carregador-veicular-carregadores","product_cat-carregadores","pa_cores-branco","pa_modelo-iphone"],"acf":[],"_links":{"self":[{"href":"https:\/\/host86.com.br\/clientes20\/kingo\/wp-json\/wp\/v2\/product\/1249","targetHints":{"allow":["GET"]}}],"collection":[{"href":"https:\/\/host86.com.br\/clientes20\/kingo\/wp-json\/wp\/v2\/product"}],"about":[{"href":"https:\/\/host86.com.br\/clientes20\/kingo\/wp-json\/wp\/v2\/types\/product"}],"replies":[{"embeddable":true,"href":"https:\/\/host86.com.br\/clientes20\/kingo\/wp-json\/wp\/v2\/comments?post=1249"}],"wp:attachment":[{"href":"https:\/\/host86.com.br\/clientes20\/kingo\/wp-json\/wp\/v2\/media?parent=1249"}],"curies":[{"name":"wp","href":"https:\/\/api.w.org\/{rel}","templated":true}]}}