{"id":1248,"date":"2020-03-27T15:57:40","date_gmt":"2020-03-27T18:57:40","guid":{"rendered":"http:\/\/localhost\/kingo\/produto\/carregador-sem-fio-com-suporte-veicular-kg-88\/"},"modified":"2020-03-27T15:57:45","modified_gmt":"2020-03-27T18:57:45","slug":"carregador-sem-fio-com-suporte-veicular-kg-88","status":"publish","type":"product","link":"https:\/\/host86.com.br\/clientes20\/kingo\/produto\/carregador-sem-fio-com-suporte-veicular-kg-88\/","title":{"rendered":"Carregador sem Fio com Suporte Veicular (KG-88)"},"content":{"rendered":"<p>Instru\u00e7\u00f5es: Conecte o carregador ao suporte, e prenda o produto montado na sa\u00edda de ar do carro. Ajustando o \u00e2ngulo do suporte, o mesmo pode ser usado em diversos lugares.  Para colocar o celular s\u00f3 segure o celular pr\u00f3ximo ao sensor infra-vermelho, o clipe de fixa\u00e7\u00e3o abrir\u00e1 automaticamente e o celular ser\u00e1 pressionado na superf\u00edcie do aparelho el\u00e9trico, o dispositivo de fixa\u00e7\u00e3o fechar\u00e1 e apertar\u00e1 o celular automaticamente.  Para tirar o celular s\u00f3 segure o celular e pressione o bot\u00e3o com o dedo, o clip de fixa\u00e7\u00e3o abrir\u00e1 automaticamente para poder remover o celular.  Carregamento Est\u00e1vel; Rota\u00e7\u00e3o de 360\u00ba; Carregamento Sem Fio; Chip Inteligente; Pot\u00eancia de 15W; Compat\u00edvel com Smartphone Convencional.   Especifica\u00e7\u00f5es:<br \/>\n Entrada: DC5V\/2.0A; DC9V\/2.0A; DC12V\/1.5A (MAX); Sa\u00edda: DC5V\/1.0A; DC9V\/1.12A; DC9V-1.67A (MAX).<\/p>\n","protected":false},"excerpt":{"rendered":"<p>Instru\u00e7\u00f5es: Conecte o carregador ao suporte, e prenda o produto montado na sa\u00edda de ar&#8230;<\/p>\n","protected":false},"featured_media":0,"comment_status":"closed","ping_status":"open","template":"","meta":{"_acf_changed":false},"class_list":["post-1248","product","type-product","status-publish","hentry","product_cat-carregador-veicular","product_cat-carregador-veicular-carregadores","product_cat-carregadores","product_cat-suporte","pa_cores-preto"],"acf":[],"_links":{"self":[{"href":"https:\/\/host86.com.br\/clientes20\/kingo\/wp-json\/wp\/v2\/product\/1248","targetHints":{"allow":["GET"]}}],"collection":[{"href":"https:\/\/host86.com.br\/clientes20\/kingo\/wp-json\/wp\/v2\/product"}],"about":[{"href":"https:\/\/host86.com.br\/clientes20\/kingo\/wp-json\/wp\/v2\/types\/product"}],"replies":[{"embeddable":true,"href":"https:\/\/host86.com.br\/clientes20\/kingo\/wp-json\/wp\/v2\/comments?post=1248"}],"wp:attachment":[{"href":"https:\/\/host86.com.br\/clientes20\/kingo\/wp-json\/wp\/v2\/media?parent=1248"}],"curies":[{"name":"wp","href":"https:\/\/api.w.org\/{rel}","templated":true}]}}