{"id":1246,"date":"2020-03-27T15:57:40","date_gmt":"2020-03-27T18:57:40","guid":{"rendered":"http:\/\/localhost\/kingo\/produto\/gamepad-para-celular-yx-02\/"},"modified":"2020-03-27T15:57:45","modified_gmt":"2020-03-27T18:57:45","slug":"gamepad-para-celular-yx-02","status":"publish","type":"product","link":"https:\/\/host86.com.br\/clientes20\/kingo\/produto\/gamepad-para-celular-yx-02\/","title":{"rendered":"Gamepad para Celular (YX-02)"},"content":{"rendered":"<p>Caracter\u00edsticas: Material: ABS + Liga de Zinco; Peso: 85g; Compatibilidade: Celulares com tela de 4,7 a 7,0 polegadas.   Este produto \u00e9 extens\u00edvel, com bot\u00e3o frontal que pode ser levantado e gatilhos sens\u00edveis.   Suporta celulares com tela de 4,7 a 7,0 polegadas, com espessura at\u00e9 10,5mm, possui abertura lateral para encaixe de fone e carregador.   Este produto possui almofadas de EVA e silicone onde tem contato com o celular, trazendo mais firmeza.<\/p>\n","protected":false},"excerpt":{"rendered":"<p>Caracter\u00edsticas: Material: ABS + Liga de Zinco; Peso: 85g; Compatibilidade: Celulares com tela de 4,7&#8230;<\/p>\n","protected":false},"featured_media":0,"comment_status":"closed","ping_status":"open","template":"","meta":{"_acf_changed":false},"class_list":["post-1246","product","type-product","status-publish","hentry","product_cat-gamer","product_cat-suporte","pa_cores-preto"],"acf":[],"_links":{"self":[{"href":"https:\/\/host86.com.br\/clientes20\/kingo\/wp-json\/wp\/v2\/product\/1246","targetHints":{"allow":["GET"]}}],"collection":[{"href":"https:\/\/host86.com.br\/clientes20\/kingo\/wp-json\/wp\/v2\/product"}],"about":[{"href":"https:\/\/host86.com.br\/clientes20\/kingo\/wp-json\/wp\/v2\/types\/product"}],"replies":[{"embeddable":true,"href":"https:\/\/host86.com.br\/clientes20\/kingo\/wp-json\/wp\/v2\/comments?post=1246"}],"wp:attachment":[{"href":"https:\/\/host86.com.br\/clientes20\/kingo\/wp-json\/wp\/v2\/media?parent=1246"}],"curies":[{"name":"wp","href":"https:\/\/api.w.org\/{rel}","templated":true}]}}