{"id":1245,"date":"2020-03-27T15:57:40","date_gmt":"2020-03-27T18:57:40","guid":{"rendered":"http:\/\/localhost\/kingo\/produto\/suporte-carregador-para-ps4-kg-119\/"},"modified":"2020-03-27T15:57:44","modified_gmt":"2020-03-27T18:57:44","slug":"suporte-carregador-para-ps4-kg-119","status":"publish","type":"product","link":"https:\/\/host86.com.br\/clientes20\/kingo\/produto\/suporte-carregador-para-ps4-kg-119\/","title":{"rendered":"Suporte Carregador para PS4 (KG-119)"},"content":{"rendered":"<p>Informa\u00e7\u00f5es: Ao carregar, a luz ficar\u00e1 vermelha, ap\u00f3s completar a carga, a luz ficar\u00e1 verde.  Entrada: DV5V\/1000mA; Saida: DC5V\/500 a 1000mA; Tempo de Carga: 2 a 4 horas; Material: ABS.  Conte\u00fado da Embalagem: 1 Suporte carregador; 1 Cabo micro usb.   N\u00e3o inclui a fonte.   Recomend\u00e1vel usar um carregador de 2000mAh.<\/p>\n","protected":false},"excerpt":{"rendered":"<p>Informa\u00e7\u00f5es: Ao carregar, a luz ficar\u00e1 vermelha, ap\u00f3s completar a carga, a luz ficar\u00e1 verde&#8230;.<\/p>\n","protected":false},"featured_media":0,"comment_status":"closed","ping_status":"open","template":"","meta":{"_acf_changed":false},"class_list":["post-1245","product","type-product","status-publish","hentry","product_cat-carregadores","product_cat-gamer","pa_cores-preto"],"acf":[],"_links":{"self":[{"href":"https:\/\/host86.com.br\/clientes20\/kingo\/wp-json\/wp\/v2\/product\/1245","targetHints":{"allow":["GET"]}}],"collection":[{"href":"https:\/\/host86.com.br\/clientes20\/kingo\/wp-json\/wp\/v2\/product"}],"about":[{"href":"https:\/\/host86.com.br\/clientes20\/kingo\/wp-json\/wp\/v2\/types\/product"}],"replies":[{"embeddable":true,"href":"https:\/\/host86.com.br\/clientes20\/kingo\/wp-json\/wp\/v2\/comments?post=1245"}],"wp:attachment":[{"href":"https:\/\/host86.com.br\/clientes20\/kingo\/wp-json\/wp\/v2\/media?parent=1245"}],"curies":[{"name":"wp","href":"https:\/\/api.w.org\/{rel}","templated":true}]}}