{"id":1241,"date":"2020-03-27T15:57:40","date_gmt":"2020-03-27T18:57:40","guid":{"rendered":"http:\/\/localhost\/kingo\/produto\/adaptador-otg-metalizado\/"},"modified":"2020-03-27T15:57:43","modified_gmt":"2020-03-27T18:57:43","slug":"adaptador-otg-metalizado","status":"publish","type":"product","link":"https:\/\/host86.com.br\/clientes20\/kingo\/produto\/adaptador-otg-metalizado\/","title":{"rendered":"Adaptador OTG Metalizado"},"content":{"rendered":"<p>Caracter\u00edsiticas: Pode ser conectado diretamente no disco, leitor de cart\u00e3o, mp3, teclado, c\u00e2meras digitais e outros.<\/p>\n","protected":false},"excerpt":{"rendered":"<p>Caracter\u00edsiticas: Pode ser conectado diretamente no disco, leitor de cart\u00e3o, mp3, teclado, c\u00e2meras digitais e&#8230;<\/p>\n","protected":false},"featured_media":0,"comment_status":"closed","ping_status":"open","template":"","meta":{"_acf_changed":false},"class_list":["post-1241","product","type-product","status-publish","hentry","product_cat-adaptador","pa_cores-prata","pa_modelo-type-c"],"acf":[],"_links":{"self":[{"href":"https:\/\/host86.com.br\/clientes20\/kingo\/wp-json\/wp\/v2\/product\/1241","targetHints":{"allow":["GET"]}}],"collection":[{"href":"https:\/\/host86.com.br\/clientes20\/kingo\/wp-json\/wp\/v2\/product"}],"about":[{"href":"https:\/\/host86.com.br\/clientes20\/kingo\/wp-json\/wp\/v2\/types\/product"}],"replies":[{"embeddable":true,"href":"https:\/\/host86.com.br\/clientes20\/kingo\/wp-json\/wp\/v2\/comments?post=1241"}],"wp:attachment":[{"href":"https:\/\/host86.com.br\/clientes20\/kingo\/wp-json\/wp\/v2\/media?parent=1241"}],"curies":[{"name":"wp","href":"https:\/\/api.w.org\/{rel}","templated":true}]}}