{"id":1240,"date":"2020-03-27T15:57:40","date_gmt":"2020-03-27T18:57:40","guid":{"rendered":"http:\/\/localhost\/kingo\/produto\/cabo-otg\/"},"modified":"2020-03-27T15:57:43","modified_gmt":"2020-03-27T18:57:43","slug":"cabo-otg","status":"publish","type":"product","link":"https:\/\/host86.com.br\/clientes20\/kingo\/produto\/cabo-otg\/","title":{"rendered":"Cabo OTG"},"content":{"rendered":"<p>Sa\u00edda: USB (F\u00eamea); Design port\u00e1til e f\u00e1cil de instalar; Suporta Plug &#038; Play.   Permite conex\u00f5es: Pen Drives, Hds Externos, C\u00e2meras Fotogr\u00e1ficas e outros dispositivos com sa\u00edda USB.<\/p>\n","protected":false},"excerpt":{"rendered":"<p>Sa\u00edda: USB (F\u00eamea); Design port\u00e1til e f\u00e1cil de instalar; Suporta Plug &#038; Play. Permite conex\u00f5es:&#8230;<\/p>\n","protected":false},"featured_media":0,"comment_status":"closed","ping_status":"open","template":"","meta":{"_acf_changed":false},"class_list":["post-1240","product","type-product","status-publish","hentry","product_cat-adaptador","product_cat-cabo-de-dados-adaptador","product_cat-cabo-de-dados-cabos","product_cat-cabos","pa_cores-branco","pa_modelo-type-c"],"acf":[],"_links":{"self":[{"href":"https:\/\/host86.com.br\/clientes20\/kingo\/wp-json\/wp\/v2\/product\/1240","targetHints":{"allow":["GET"]}}],"collection":[{"href":"https:\/\/host86.com.br\/clientes20\/kingo\/wp-json\/wp\/v2\/product"}],"about":[{"href":"https:\/\/host86.com.br\/clientes20\/kingo\/wp-json\/wp\/v2\/types\/product"}],"replies":[{"embeddable":true,"href":"https:\/\/host86.com.br\/clientes20\/kingo\/wp-json\/wp\/v2\/comments?post=1240"}],"wp:attachment":[{"href":"https:\/\/host86.com.br\/clientes20\/kingo\/wp-json\/wp\/v2\/media?parent=1240"}],"curies":[{"name":"wp","href":"https:\/\/api.w.org\/{rel}","templated":true}]}}