{"id":1238,"date":"2020-03-27T15:57:40","date_gmt":"2020-03-27T18:57:40","guid":{"rendered":"http:\/\/localhost\/kingo\/produto\/cabo-adaptador-para-p2-3-5mm-yp-22\/"},"modified":"2020-03-27T15:57:42","modified_gmt":"2020-03-27T18:57:42","slug":"cabo-adaptador-para-p2-3-5mm-yp-22","status":"publish","type":"product","link":"https:\/\/host86.com.br\/clientes20\/kingo\/produto\/cabo-adaptador-para-p2-3-5mm-yp-22\/","title":{"rendered":"Cabo Adaptador para P2 3.5MM (YP-22)"},"content":{"rendered":"<p>Caracter\u00edsticas: Fio de alta qualidade, transmiss\u00e3o de \u00e1udio sem perdas de som; Compat\u00edvel com dispositivos com portas Lightning; Suporta equipamentos com porta auxiliar.<\/p>\n","protected":false},"excerpt":{"rendered":"<p>Caracter\u00edsticas: Fio de alta qualidade, transmiss\u00e3o de \u00e1udio sem perdas de som; Compat\u00edvel com dispositivos&#8230;<\/p>\n","protected":false},"featured_media":0,"comment_status":"closed","ping_status":"open","template":"","meta":{"_acf_changed":false},"class_list":["post-1238","product","type-product","status-publish","hentry","product_cat-adaptador","product_cat-cabo-p2","product_cat-cabo-p2-cabos","product_cat-cabos","pa_cores-branco","pa_modelo-iphone"],"acf":[],"_links":{"self":[{"href":"https:\/\/host86.com.br\/clientes20\/kingo\/wp-json\/wp\/v2\/product\/1238","targetHints":{"allow":["GET"]}}],"collection":[{"href":"https:\/\/host86.com.br\/clientes20\/kingo\/wp-json\/wp\/v2\/product"}],"about":[{"href":"https:\/\/host86.com.br\/clientes20\/kingo\/wp-json\/wp\/v2\/types\/product"}],"replies":[{"embeddable":true,"href":"https:\/\/host86.com.br\/clientes20\/kingo\/wp-json\/wp\/v2\/comments?post=1238"}],"wp:attachment":[{"href":"https:\/\/host86.com.br\/clientes20\/kingo\/wp-json\/wp\/v2\/media?parent=1238"}],"curies":[{"name":"wp","href":"https:\/\/api.w.org\/{rel}","templated":true}]}}