{"id":1235,"date":"2020-03-27T15:57:40","date_gmt":"2020-03-27T18:57:40","guid":{"rendered":"http:\/\/localhost\/kingo\/produto\/adaptador-iphone-e-ipad-para-fone-de-ouvido\/"},"modified":"2020-03-31T18:01:21","modified_gmt":"2020-03-31T21:01:21","slug":"adaptador-iphone-e-ipad-para-fone-de-ouvido","status":"publish","type":"product","link":"https:\/\/host86.com.br\/clientes20\/kingo\/produto\/adaptador-iphone-e-ipad-para-fone-de-ouvido\/","title":{"rendered":"Adaptador Iphone e Ipad para Fone de Ouvido"},"content":{"rendered":"<p>Informa\u00e7\u00f5es do Produto: Adaptador para conectar dispositivos com conector de \u00e1udio de 3,5mm a dispositivos Lightning com IOS 10 ou posterior.   Produto: Adaptador de Fone de Ouvido.   Material: Pl\u00e1stico<\/p>\n","protected":false},"excerpt":{"rendered":"<p>Informa\u00e7\u00f5es do Produto: Adaptador para conectar dispositivos com conector de \u00e1udio de 3,5mm a dispositivos&#8230;<\/p>\n","protected":false},"featured_media":0,"comment_status":"closed","ping_status":"closed","template":"","meta":{"_acf_changed":false},"class_list":["post-1235","product","type-product","status-publish","hentry","product_cat-adaptador","product_cat-cabo-de-dados-adaptador","product_cat-cabo-de-dados-fone-de-ouvido","product_cat-cabo-de-dados-cabos","product_cat-cabos","product_cat-fone-de-ouvido","pa_cores-branco","pa_modelo-iphone-7"],"acf":[],"_links":{"self":[{"href":"https:\/\/host86.com.br\/clientes20\/kingo\/wp-json\/wp\/v2\/product\/1235","targetHints":{"allow":["GET"]}}],"collection":[{"href":"https:\/\/host86.com.br\/clientes20\/kingo\/wp-json\/wp\/v2\/product"}],"about":[{"href":"https:\/\/host86.com.br\/clientes20\/kingo\/wp-json\/wp\/v2\/types\/product"}],"replies":[{"embeddable":true,"href":"https:\/\/host86.com.br\/clientes20\/kingo\/wp-json\/wp\/v2\/comments?post=1235"}],"wp:attachment":[{"href":"https:\/\/host86.com.br\/clientes20\/kingo\/wp-json\/wp\/v2\/media?parent=1235"}],"curies":[{"name":"wp","href":"https:\/\/api.w.org\/{rel}","templated":true}]}}