{"id":1230,"date":"2020-03-27T15:57:31","date_gmt":"2020-03-27T18:57:31","guid":{"rendered":"http:\/\/localhost\/kingo\/produto\/adaptador-fonte-usb-5v-1a\/"},"modified":"2020-03-31T18:09:44","modified_gmt":"2020-03-31T21:09:44","slug":"adaptador-fonte-usb-5v-1a","status":"publish","type":"product","link":"https:\/\/host86.com.br\/clientes20\/kingo\/produto\/adaptador-fonte-usb-5v-1a\/","title":{"rendered":"Adaptador Fonte USB 5V 1A"},"content":{"rendered":"<p>Indicado para dispositivos com cabos USB que necessitam ligar na tomada (100-240V). Compacto, leve, resistente e com qualidade.  Caracter\u00edsticas: Marca Kingo.  Compatibilidade: Apple iPhone 4\/4s, 5\/5c\/5s, 6\/6s, 6 Plus\/6s Plus; Samsung Galaxy S2, S3, S4, S5, S6, S7, Note2 Nota3 Nota4 e assim por diante; Motorola, Sony, Nokia, LG, HTC, Huawei etc..   Especifica\u00e7\u00f5es: Entrada: 100-240V Bivolt; Sa\u00edda: 5V 1A; Dimens\u00f5es: 65*35*14mm; Peso: 19g.<\/p>\n","protected":false},"excerpt":{"rendered":"<p>Indicado para dispositivos com cabos USB que necessitam ligar na tomada (100-240V). Compacto, leve, resistente&#8230;<\/p>\n","protected":false},"featured_media":0,"comment_status":"closed","ping_status":"closed","template":"","meta":{"_acf_changed":false},"class_list":["post-1230","product","type-product","status-publish","hentry","product_cat-adaptador","product_cat-carregador-de-tomada","product_cat-carregador-de-tomada-adaptador","product_cat-carregadores","pa_cores-branco"],"acf":[],"_links":{"self":[{"href":"https:\/\/host86.com.br\/clientes20\/kingo\/wp-json\/wp\/v2\/product\/1230","targetHints":{"allow":["GET"]}}],"collection":[{"href":"https:\/\/host86.com.br\/clientes20\/kingo\/wp-json\/wp\/v2\/product"}],"about":[{"href":"https:\/\/host86.com.br\/clientes20\/kingo\/wp-json\/wp\/v2\/types\/product"}],"replies":[{"embeddable":true,"href":"https:\/\/host86.com.br\/clientes20\/kingo\/wp-json\/wp\/v2\/comments?post=1230"}],"wp:attachment":[{"href":"https:\/\/host86.com.br\/clientes20\/kingo\/wp-json\/wp\/v2\/media?parent=1230"}],"curies":[{"name":"wp","href":"https:\/\/api.w.org\/{rel}","templated":true}]}}