{"id":1228,"date":"2020-03-27T15:57:31","date_gmt":"2020-03-27T18:57:31","guid":{"rendered":"http:\/\/localhost\/kingo\/produto\/fonte-dual-usb-3-4a-u304\/"},"modified":"2020-04-01T12:47:54","modified_gmt":"2020-04-01T15:47:54","slug":"fonte-dual-usb-3-4a-u304","status":"publish","type":"product","link":"https:\/\/host86.com.br\/clientes20\/kingo\/produto\/fonte-dual-usb-3-4a-u304\/","title":{"rendered":"Fonte dual USB 3.4A (U304)"},"content":{"rendered":"<p>Caracter\u00edsticas: 2 Sa\u00eddas USB; Compat\u00edvel com: Smartphones, MP3, eBooks, GPS, Tablets, etc&#8230;; F\u00e1cil de usar, no trabalho, em casa, ou em viagens; Alta efici\u00eancia no controle de circuitos internos; Multipla prote\u00e7\u00e3o de circuitos.<\/p>\n","protected":false},"excerpt":{"rendered":"<p>Caracter\u00edsticas: 2 Sa\u00eddas USB; Compat\u00edvel com: Smartphones, MP3, eBooks, GPS, Tablets, etc&#8230;; F\u00e1cil de usar,&#8230;<\/p>\n","protected":false},"featured_media":1889,"comment_status":"closed","ping_status":"closed","template":"","meta":{"_acf_changed":false},"class_list":["post-1228","product","type-product","status-publish","has-post-thumbnail","hentry","product_cat-carregador-de-tomada","product_cat-carregadores","pa_cores-branco"],"acf":[],"_links":{"self":[{"href":"https:\/\/host86.com.br\/clientes20\/kingo\/wp-json\/wp\/v2\/product\/1228","targetHints":{"allow":["GET"]}}],"collection":[{"href":"https:\/\/host86.com.br\/clientes20\/kingo\/wp-json\/wp\/v2\/product"}],"about":[{"href":"https:\/\/host86.com.br\/clientes20\/kingo\/wp-json\/wp\/v2\/types\/product"}],"replies":[{"embeddable":true,"href":"https:\/\/host86.com.br\/clientes20\/kingo\/wp-json\/wp\/v2\/comments?post=1228"}],"wp:featuredmedia":[{"embeddable":true,"href":"https:\/\/host86.com.br\/clientes20\/kingo\/wp-json\/wp\/v2\/media\/1889"}],"wp:attachment":[{"href":"https:\/\/host86.com.br\/clientes20\/kingo\/wp-json\/wp\/v2\/media?parent=1228"}],"curies":[{"name":"wp","href":"https:\/\/api.w.org\/{rel}","templated":true}]}}