{"id":1227,"date":"2020-03-27T15:57:31","date_gmt":"2020-03-27T18:57:31","guid":{"rendered":"http:\/\/localhost\/kingo\/produto\/kit-carregador-de-tomada-2-1a-u201-2\/"},"modified":"2020-03-27T15:57:37","modified_gmt":"2020-03-27T18:57:37","slug":"kit-carregador-de-tomada-2-1a-u201-2","status":"publish","type":"product","link":"https:\/\/host86.com.br\/clientes20\/kingo\/produto\/kit-carregador-de-tomada-2-1a-u201-2\/","title":{"rendered":"Kit Carregador de Tomada 2.1A (U201)"},"content":{"rendered":"<p>Caracter\u00edsticas: F\u00e1cil de usar no trabalho, em casa, ou viagens; Alta efici\u00eancia no controle de circuitos internos; Multipla prote\u00e7\u00e3o de circuitos.<\/p>\n","protected":false},"excerpt":{"rendered":"<p>Caracter\u00edsticas: F\u00e1cil de usar no trabalho, em casa, ou viagens; Alta efici\u00eancia no controle de&#8230;<\/p>\n","protected":false},"featured_media":0,"comment_status":"closed","ping_status":"open","template":"","meta":{"_acf_changed":false},"class_list":["post-1227","product","type-product","status-publish","hentry","product_cat-carregador-de-tomada","product_cat-carregadores","pa_cores-branco","pa_modelo-type-c"],"acf":[],"_links":{"self":[{"href":"https:\/\/host86.com.br\/clientes20\/kingo\/wp-json\/wp\/v2\/product\/1227","targetHints":{"allow":["GET"]}}],"collection":[{"href":"https:\/\/host86.com.br\/clientes20\/kingo\/wp-json\/wp\/v2\/product"}],"about":[{"href":"https:\/\/host86.com.br\/clientes20\/kingo\/wp-json\/wp\/v2\/types\/product"}],"replies":[{"embeddable":true,"href":"https:\/\/host86.com.br\/clientes20\/kingo\/wp-json\/wp\/v2\/comments?post=1227"}],"wp:attachment":[{"href":"https:\/\/host86.com.br\/clientes20\/kingo\/wp-json\/wp\/v2\/media?parent=1227"}],"curies":[{"name":"wp","href":"https:\/\/api.w.org\/{rel}","templated":true}]}}