{"id":1224,"date":"2020-03-27T15:57:31","date_gmt":"2020-03-27T18:57:31","guid":{"rendered":"http:\/\/localhost\/kingo\/produto\/carregador-de-tomada-com-4-entradas-usb\/"},"modified":"2020-03-27T15:57:36","modified_gmt":"2020-03-27T18:57:36","slug":"carregador-de-tomada-com-4-entradas-usb","status":"publish","type":"product","link":"https:\/\/host86.com.br\/clientes20\/kingo\/produto\/carregador-de-tomada-com-4-entradas-usb\/","title":{"rendered":"Carregador de Tomada com 4 Entradas USB"},"content":{"rendered":"<p>Carregador de tomada com 4 entradas USB; Tamanho compacto, f\u00e1cil de transportar; Carregar seus dispositivos de forma r\u00e1pida e segura.  Caracter\u00edsticas: Marca Kingo.  Especifica\u00e7\u00f5es: Entrada: AC 110-240V 50-60Hz 650mA; Sa\u00edda: DC 5V 4200mA; Tamanho: 97*31*71mm; Peso l\u00edquido: 123g; Cor: Preto.  Conte\u00fado da embalagem: 1 Carregador Tomada 4 Entradas USB<\/p>\n","protected":false},"excerpt":{"rendered":"<p>Carregador de tomada com 4 entradas USB; Tamanho compacto, f\u00e1cil de transportar; Carregar seus dispositivos&#8230;<\/p>\n","protected":false},"featured_media":0,"comment_status":"closed","ping_status":"open","template":"","meta":{"_acf_changed":false},"class_list":["post-1224","product","type-product","status-publish","hentry","product_cat-carregador-de-tomada","product_cat-carregadores","pa_cores-preto"],"acf":[],"_links":{"self":[{"href":"https:\/\/host86.com.br\/clientes20\/kingo\/wp-json\/wp\/v2\/product\/1224","targetHints":{"allow":["GET"]}}],"collection":[{"href":"https:\/\/host86.com.br\/clientes20\/kingo\/wp-json\/wp\/v2\/product"}],"about":[{"href":"https:\/\/host86.com.br\/clientes20\/kingo\/wp-json\/wp\/v2\/types\/product"}],"replies":[{"embeddable":true,"href":"https:\/\/host86.com.br\/clientes20\/kingo\/wp-json\/wp\/v2\/comments?post=1224"}],"wp:attachment":[{"href":"https:\/\/host86.com.br\/clientes20\/kingo\/wp-json\/wp\/v2\/media?parent=1224"}],"curies":[{"name":"wp","href":"https:\/\/api.w.org\/{rel}","templated":true}]}}