{"id":1223,"date":"2020-03-27T15:57:31","date_gmt":"2020-03-27T18:57:31","guid":{"rendered":"http:\/\/localhost\/kingo\/produto\/carregador-para-celular-triplo-usb-3-3a-max-u440\/"},"modified":"2020-04-01T12:28:11","modified_gmt":"2020-04-01T15:28:11","slug":"carregador-para-celular-triplo-usb-3-3a-max-u440","status":"publish","type":"product","link":"https:\/\/host86.com.br\/clientes20\/kingo\/produto\/carregador-para-celular-triplo-usb-3-3a-max-u440\/","title":{"rendered":"Carregador para Celular Triplo USB 3.3A MAX (U440)"},"content":{"rendered":"<p>Caracter\u00edsticas: Compat\u00edvel com: Smartphones, Mp3, eBooks, GPS, Tablets, etc..; F\u00e1cil de usar no trabalho, em casa ou viagens; Alta efici\u00eancia; Multi prote\u00e7\u00e3o de circu\u00edtos; Design Elegante.  Especifica\u00e7\u00f5es: ENTRADA: 100-240V50\/60Hz0.50A; PARA SA\u00cdDA \u00daNICA: 5V AT\u00c9 3.3A (MAX); PARA SA\u00cdDA TRIPLA: 5V= 3 x 1.1A.<\/p>\n","protected":false},"excerpt":{"rendered":"<p>Caracter\u00edsticas: Compat\u00edvel com: Smartphones, Mp3, eBooks, GPS, Tablets, etc..; F\u00e1cil de usar no trabalho, em&#8230;<\/p>\n","protected":false},"featured_media":1851,"comment_status":"closed","ping_status":"closed","template":"","meta":{"_acf_changed":false},"class_list":["post-1223","product","type-product","status-publish","has-post-thumbnail","hentry","product_cat-carregador-de-tomada","product_cat-carregadores","pa_cores-branco"],"acf":[],"_links":{"self":[{"href":"https:\/\/host86.com.br\/clientes20\/kingo\/wp-json\/wp\/v2\/product\/1223","targetHints":{"allow":["GET"]}}],"collection":[{"href":"https:\/\/host86.com.br\/clientes20\/kingo\/wp-json\/wp\/v2\/product"}],"about":[{"href":"https:\/\/host86.com.br\/clientes20\/kingo\/wp-json\/wp\/v2\/types\/product"}],"replies":[{"embeddable":true,"href":"https:\/\/host86.com.br\/clientes20\/kingo\/wp-json\/wp\/v2\/comments?post=1223"}],"wp:featuredmedia":[{"embeddable":true,"href":"https:\/\/host86.com.br\/clientes20\/kingo\/wp-json\/wp\/v2\/media\/1851"}],"wp:attachment":[{"href":"https:\/\/host86.com.br\/clientes20\/kingo\/wp-json\/wp\/v2\/media?parent=1223"}],"curies":[{"name":"wp","href":"https:\/\/api.w.org\/{rel}","templated":true}]}}