{"id":1222,"date":"2020-03-27T15:57:31","date_gmt":"2020-03-27T18:57:31","guid":{"rendered":"http:\/\/localhost\/kingo\/produto\/kit-carregador-de-tomada-2a-3\/"},"modified":"2020-03-27T15:57:35","modified_gmt":"2020-03-27T18:57:35","slug":"kit-carregador-de-tomada-2a-3","status":"publish","type":"product","link":"https:\/\/host86.com.br\/clientes20\/kingo\/produto\/kit-carregador-de-tomada-2a-3\/","title":{"rendered":"Kit Carregador de Tomada 2A"},"content":{"rendered":"<p>Caracter\u00edsticas: Compat\u00edvel com: Smartphones, Mp3, eBooks, GPS, Tablets, etc; F\u00e1cil de usar no trabalho, em casa ou em viagens; Alta efici\u00eancia; Multi prote\u00e7\u00e3o de circuitos; Design elegante.<\/p>\n","protected":false},"excerpt":{"rendered":"<p>Caracter\u00edsticas: Compat\u00edvel com: Smartphones, Mp3, eBooks, GPS, Tablets, etc; F\u00e1cil de usar no trabalho, em&#8230;<\/p>\n","protected":false},"featured_media":0,"comment_status":"closed","ping_status":"open","template":"","meta":{"_acf_changed":false},"class_list":["post-1222","product","type-product","status-publish","hentry","product_cat-carregador-de-tomada","product_cat-carregadores","pa_cores-branco","pa_modelo-type-c"],"acf":[],"_links":{"self":[{"href":"https:\/\/host86.com.br\/clientes20\/kingo\/wp-json\/wp\/v2\/product\/1222","targetHints":{"allow":["GET"]}}],"collection":[{"href":"https:\/\/host86.com.br\/clientes20\/kingo\/wp-json\/wp\/v2\/product"}],"about":[{"href":"https:\/\/host86.com.br\/clientes20\/kingo\/wp-json\/wp\/v2\/types\/product"}],"replies":[{"embeddable":true,"href":"https:\/\/host86.com.br\/clientes20\/kingo\/wp-json\/wp\/v2\/comments?post=1222"}],"wp:attachment":[{"href":"https:\/\/host86.com.br\/clientes20\/kingo\/wp-json\/wp\/v2\/media?parent=1222"}],"curies":[{"name":"wp","href":"https:\/\/api.w.org\/{rel}","templated":true}]}}