{"id":1220,"date":"2020-03-27T15:57:31","date_gmt":"2020-03-27T18:57:31","guid":{"rendered":"http:\/\/localhost\/kingo\/produto\/kit-carregador-de-tomada-2a\/"},"modified":"2020-03-27T15:57:35","modified_gmt":"2020-03-27T18:57:35","slug":"kit-carregador-de-tomada-2a","status":"publish","type":"product","link":"https:\/\/host86.com.br\/clientes20\/kingo\/produto\/kit-carregador-de-tomada-2a\/","title":{"rendered":"Kit Carregador de Tomada 2A"},"content":{"rendered":"<p>Caracter\u00edsticas: Marca Kingo.  Compatibilidade: iPhone 5 \/ 5c \/ 5s; iPhone 6 \/ 6s;iPhone 6 Plus \/ 6s Plus; iPad Pro; iPad Air \/ Air 2 ; iPad Mini \/ Mini 2 \/ Mini 3.  Especifica\u00e7\u00f5es:Entrada: 110-240VAC 50-60Hz 0.35A; Sa\u00edda: 5V=2.1A; Tamanho: 69*31*22mm; Peso l\u00edquido: 22g; Cor: Branco.  Conte\u00fado da embalagem: 1 Carregador Tomada; 1 Cabo de dados iPad Mini.<\/p>\n","protected":false},"excerpt":{"rendered":"<p>Caracter\u00edsticas: Marca Kingo. Compatibilidade: iPhone 5 \/ 5c \/ 5s; iPhone 6 \/ 6s;iPhone 6&#8230;<\/p>\n","protected":false},"featured_media":0,"comment_status":"closed","ping_status":"open","template":"","meta":{"_acf_changed":false},"class_list":["post-1220","product","type-product","status-publish","hentry","product_cat-carregador-de-tomada","product_cat-carregadores","pa_cores-branco","pa_modelo-ipad-mini"],"acf":[],"_links":{"self":[{"href":"https:\/\/host86.com.br\/clientes20\/kingo\/wp-json\/wp\/v2\/product\/1220","targetHints":{"allow":["GET"]}}],"collection":[{"href":"https:\/\/host86.com.br\/clientes20\/kingo\/wp-json\/wp\/v2\/product"}],"about":[{"href":"https:\/\/host86.com.br\/clientes20\/kingo\/wp-json\/wp\/v2\/types\/product"}],"replies":[{"embeddable":true,"href":"https:\/\/host86.com.br\/clientes20\/kingo\/wp-json\/wp\/v2\/comments?post=1220"}],"wp:attachment":[{"href":"https:\/\/host86.com.br\/clientes20\/kingo\/wp-json\/wp\/v2\/media?parent=1220"}],"curies":[{"name":"wp","href":"https:\/\/api.w.org\/{rel}","templated":true}]}}