{"id":1219,"date":"2020-03-27T15:57:31","date_gmt":"2020-03-27T18:57:31","guid":{"rendered":"http:\/\/localhost\/kingo\/produto\/kit-carregador-de-tomada-dual-2-4a-u340\/"},"modified":"2020-03-27T15:57:34","modified_gmt":"2020-03-27T18:57:34","slug":"kit-carregador-de-tomada-dual-2-4a-u340","status":"publish","type":"product","link":"https:\/\/host86.com.br\/clientes20\/kingo\/produto\/kit-carregador-de-tomada-dual-2-4a-u340\/","title":{"rendered":"Kit Carregador de Tomada DUAL 2.4A (U340)"},"content":{"rendered":"<p>Caracter\u00edsticas: Compat\u00edvel com: Smartphones, Mp3, eBooks, GPS, Tablets, etc..; F\u00e1cil de usar no trabalho, em casa ou viagens; Alta efici\u00eancia; Multi prote\u00e7\u00e3o de circu\u00edtos; Design Elegante.<\/p>\n","protected":false},"excerpt":{"rendered":"<p>Caracter\u00edsticas: Compat\u00edvel com: Smartphones, Mp3, eBooks, GPS, Tablets, etc..; F\u00e1cil de usar no trabalho, em&#8230;<\/p>\n","protected":false},"featured_media":0,"comment_status":"closed","ping_status":"open","template":"","meta":{"_acf_changed":false},"class_list":["post-1219","product","type-product","status-publish","hentry","product_cat-carregador-de-tomada","product_cat-carregadores","pa_cores-branco","pa_modelo-micro-usb"],"acf":[],"_links":{"self":[{"href":"https:\/\/host86.com.br\/clientes20\/kingo\/wp-json\/wp\/v2\/product\/1219","targetHints":{"allow":["GET"]}}],"collection":[{"href":"https:\/\/host86.com.br\/clientes20\/kingo\/wp-json\/wp\/v2\/product"}],"about":[{"href":"https:\/\/host86.com.br\/clientes20\/kingo\/wp-json\/wp\/v2\/types\/product"}],"replies":[{"embeddable":true,"href":"https:\/\/host86.com.br\/clientes20\/kingo\/wp-json\/wp\/v2\/comments?post=1219"}],"wp:attachment":[{"href":"https:\/\/host86.com.br\/clientes20\/kingo\/wp-json\/wp\/v2\/media?parent=1219"}],"curies":[{"name":"wp","href":"https:\/\/api.w.org\/{rel}","templated":true}]}}