{"id":1216,"date":"2020-03-27T15:57:31","date_gmt":"2020-03-27T18:57:31","guid":{"rendered":"http:\/\/localhost\/kingo\/produto\/kit-carregador-de-tomada-dual-u204\/"},"modified":"2020-03-27T15:57:33","modified_gmt":"2020-03-27T18:57:33","slug":"kit-carregador-de-tomada-dual-u204","status":"publish","type":"product","link":"https:\/\/host86.com.br\/clientes20\/kingo\/produto\/kit-carregador-de-tomada-dual-u204\/","title":{"rendered":"Kit Carregador de Tomada Dual (U204)"},"content":{"rendered":"<p>Caracter\u00edsticas: Kit com 2 sa\u00eddas USB; Acompanha cabo de 1 metro; Entrada: 100-240V 50\/60Hz 350mA; Para sa\u00edda \u00fanica: 5V at\u00e9 2400mA; Para sa\u00edda dupla: 5V= 2 x 1200mA.<\/p>\n","protected":false},"excerpt":{"rendered":"<p>Caracter\u00edsticas: Kit com 2 sa\u00eddas USB; Acompanha cabo de 1 metro; Entrada: 100-240V 50\/60Hz 350mA;&#8230;<\/p>\n","protected":false},"featured_media":0,"comment_status":"closed","ping_status":"open","template":"","meta":{"_acf_changed":false},"class_list":["post-1216","product","type-product","status-publish","hentry","product_cat-carregador-de-tomada","product_cat-carregadores","pa_cores-branco","pa_modelo-iphone-8"],"acf":[],"_links":{"self":[{"href":"https:\/\/host86.com.br\/clientes20\/kingo\/wp-json\/wp\/v2\/product\/1216","targetHints":{"allow":["GET"]}}],"collection":[{"href":"https:\/\/host86.com.br\/clientes20\/kingo\/wp-json\/wp\/v2\/product"}],"about":[{"href":"https:\/\/host86.com.br\/clientes20\/kingo\/wp-json\/wp\/v2\/types\/product"}],"replies":[{"embeddable":true,"href":"https:\/\/host86.com.br\/clientes20\/kingo\/wp-json\/wp\/v2\/comments?post=1216"}],"wp:attachment":[{"href":"https:\/\/host86.com.br\/clientes20\/kingo\/wp-json\/wp\/v2\/media?parent=1216"}],"curies":[{"name":"wp","href":"https:\/\/api.w.org\/{rel}","templated":true}]}}